{"id":71590,"date":"2025-01-28T18:30:31","date_gmt":"2025-01-28T18:30:31","guid":{"rendered":"https:\/\/vancouver25dev.wpenginepowered.com\/?page_id=71590"},"modified":"2026-02-18T10:45:40","modified_gmt":"2026-02-18T14:45:40","slug":"lor","status":"publish","type":"page","link":"https:\/\/halifaxgold.ca\/fr\/sell-to-us\/lor\/","title":{"rendered":"Vendre son or"},"content":{"rendered":"<p>[et_pb_section fb_built=&#8221;1&#8243; custom_padding_last_edited=&#8221;on|desktop&#8221; admin_label=&#8221;Section&#8221; _builder_version=&#8221;4.27.4&#8243; _module_preset=&#8221;default&#8221; background_color=&#8221;#032340&#8243; height_tablet=&#8221;&#8221; height_phone=&#8221;&#8221; height_last_edited=&#8221;on|desktop&#8221; custom_padding=&#8221;9px||4px||false|false&#8221; custom_padding_tablet=&#8221;9px||4px||false|false&#8221; custom_padding_phone=&#8221;9px||4px||false|false&#8221; border_color_bottom=&#8221;#D2AE74&#8243; saved_tabs=&#8221;all&#8221; locked=&#8221;off&#8221; collapsed=&#8221;off&#8221; global_colors_info=&#8221;{}&#8221;][et_pb_row make_equal=&#8221;on&#8221; _builder_version=&#8221;4.27.4&#8243; _module_preset=&#8221;default&#8221; custom_padding=&#8221;0px||0px||false|false&#8221; custom_css_main_element=&#8221;display:flex;&#8221; global_colors_info=&#8221;{}&#8221;][et_pb_column type=&#8221;4_4&#8243; _builder_version=&#8221;4.27.4&#8243; _module_preset=&#8221;default&#8221; custom_css_main_element=&#8221;display:flex;||flex-direction:column;||justify-content: center;&#8221; global_colors_info=&#8221;{}&#8221;][et_pb_text admin_label=&#8221;page title&#8221; _builder_version=&#8221;4.27.4&#8243; _dynamic_attributes=&#8221;content&#8221; _module_preset=&#8221;default&#8221; header_font=&#8221;|&#8211;et_global_heading_font_weight||on|||||&#8221; header_text_align=&#8221;center&#8221; header_text_color=&#8221;#FFFFFF&#8221; header_font_size=&#8221;38px&#8221; custom_css_free_form=&#8221;.selector h1 {||  font-weight:400!important;||}&#8221; global_colors_info=&#8221;{}&#8221;]@ET-DC@eyJkeW5hbWljIjp0cnVlLCJjb250ZW50IjoicG9zdF90aXRsZSIsInNldHRpbmdzIjp7ImJlZm9yZSI6IjxoMT4iLCJhZnRlciI6IjwvaDE+In19@[\/et_pb_text][\/et_pb_column][\/et_pb_row][\/et_pb_section][et_pb_section fb_built=&#8221;1&#8243; _builder_version=&#8221;4.27.4&#8243; _module_preset=&#8221;default&#8221; custom_margin=&#8221;||20px||false|false&#8221; custom_padding=&#8221;0px||0px||false|false&#8221; global_module=&#8221;151&#8243; saved_tabs=&#8221;all&#8221; locked=&#8221;off&#8221; global_colors_info=&#8221;{}&#8221;][et_pb_row _builder_version=&#8221;4.27.4&#8243; _module_preset=&#8221;default&#8221; max_width=&#8221;1280px&#8221; custom_padding=&#8221;20px||20px||true|false&#8221; global_colors_info=&#8221;{}&#8221;][et_pb_column type=&#8221;4_4&#8243; _builder_version=&#8221;4.27.4&#8243; _module_preset=&#8221;default&#8221; global_colors_info=&#8221;{}&#8221;][et_pb_text admin_label=&#8221;breadcrumbs&#8221; _builder_version=&#8221;4.27.4&#8243; _module_preset=&#8221;default&#8221; text_font=&#8221;|&#8211;et_global_body_font_weight||on|||||&#8221; text_text_color=&#8221;#0E3E63&#8243; text_font_size=&#8221;14px&#8221; link_font=&#8221;|||on|||||&#8221; link_text_color=&#8221;#000000&#8243; global_colors_info=&#8221;{}&#8221;]<\/p>\n<div data-plaintext=\"true\" data-pm-slice=\"1 1 [&quot;codeblock&quot;,{&quot;style&quot;:null,&quot;codeblock&quot;:true,&quot;textAlign&quot;:null,&quot;syntaxLanguage&quot;:null,&quot;lineWrapping&quot;:false}]\" data-en-clipboard=\"true\"><span><span><a href=\"https:\/\/halifaxgold.ca\/\">Home<\/a><\/span><\/span><\/div>\n<p>[\/et_pb_text][\/et_pb_column][\/et_pb_row][\/et_pb_section][et_pb_section fb_built=&#8221;1&#8243; _builder_version=&#8221;4.27.4&#8243; _module_preset=&#8221;default&#8221; custom_margin=&#8221;||||false|false&#8221; custom_padding=&#8221;0px||0px||false|false&#8221; global_colors_info=&#8221;{}&#8221;][et_pb_row column_structure=&#8221;1_2,1_2&#8243; _builder_version=&#8221;4.27.4&#8243; _module_preset=&#8221;default&#8221; max_width=&#8221;1280px&#8221; custom_margin=&#8221;30px||||false|false&#8221; custom_padding=&#8221;0px||20px||false|false&#8221; global_colors_info=&#8221;{}&#8221;][et_pb_column type=&#8221;1_2&#8243; _builder_version=&#8221;4.27.4&#8243; _module_preset=&#8221;default&#8221; global_colors_info=&#8221;{}&#8221;][et_pb_text admin_label=&#8221;h2 &#038; h3&#8243; _builder_version=&#8221;4.27.4&#8243; _module_preset=&#8221;default&#8221; text_text_color=&#8221;#000000&#8243; header_2_font=&#8221;|600|||||||&#8221; header_2_font_size=&#8221;36px&#8221; header_3_line_height=&#8221;1.2em&#8221; custom_css_free_form=&#8221; &#8221; global_colors_info=&#8221;{}&#8221;]<\/p>\n<h2>We&#8217;re Halifax&#8217;s Top Gold Buyer<\/h2>\n<h3>Get a free evaluation, a no-pressure quote and top pricing for your gold in Halifax.<\/h3>\n<p>[\/et_pb_text][et_pb_text admin_label=&#8221;We buy all types of gold, including jewellery, dental gold, unmarked items, and bullion from both recognized and lesser-known mints&#8221; _builder_version=&#8221;4.27.4&#8243; _module_preset=&#8221;default&#8221; text_text_color=&#8221;#000000&#8243; header_3_line_height=&#8221;1.2em&#8221; global_colors_info=&#8221;{}&#8221;]<\/p>\n<p><span style=\"font-weight: 400;\">We buy all types of gold, including jewellery, dental gold, unmarked items, and bullion from both recognized and lesser-known mints. If it&#8217;s made of gold, we will evaluate it and give you a fair quote based on the current market.<\/span><\/p>\n<p><span style=\"font-weight: 400;\">Our team uses up-to-date testing equipment to assess your items with accuracy. You will never be left guessing. We explain our process as we go and share the results with you during the evaluation. If a jewellery piece holds value beyond its gold content, such as being made by a sought-after brand or having collectible appeal, we will let you know. Our goal is to provide clear information and the best possible offer.<\/span><\/p>\n<p>[\/et_pb_text][\/et_pb_column][et_pb_column type=&#8221;1_2&#8243; _builder_version=&#8221;4.27.4&#8243; _module_preset=&#8221;default&#8221; background_enable_image=&#8221;off&#8221; custom_padding=&#8221;10px||||false|false&#8221; global_colors_info=&#8221;{}&#8221;][et_pb_text admin_label=&#8221;bullion price table heading&#8221; _builder_version=&#8221;4.27.4&#8243; _module_preset=&#8221;default&#8221; custom_margin=&#8221;||10px||false|false&#8221; global_colors_info=&#8221;{}&#8221;]<\/p>\n<h3>Today&#8217;s Bullion Prices<\/h3>\n<p>[\/et_pb_text][et_pb_code admin_label=&#8221;price table %91CODE%93&#8243; _builder_version=&#8221;4.27.4&#8243; _module_preset=&#8221;default&#8221; custom_margin=&#8221;||0px||false|false&#8221; global_colors_info=&#8221;{}&#8221;]<table class=\"cg-table gold\">\n            <thead>\n                <tr>\n                    <th>Gold Bullion<\/th>\n                    <th>Price<\/th>\n                <\/tr>\n            <\/thead>\n            <tbody>\n                <tr>\n                    <td>1 oz Gold Maple Leaf 9999<\/td>\n                    <td>$6,316.55\/coin<\/td>\n                <\/tr>\n                <tr>\n                    <td>1 oz Gold Maple Leaf 9999 (2014 or Later)<\/td>\n                    <td>$6,348.94\/coin<\/td>\n                <\/tr>\n                <tr>\n                    <td>1 oz Gold Maple Leaf Damaged or 999<\/td>\n                    <td>$6,089.80\/coin<\/td>\n                <\/tr>\n                <tr>\n                    <td>Gold Maple Leaf under 1 oz<\/td>\n                    <td>$208.29\/g<\/td>\n                <\/tr>\n                <tr>\n                    <td>1 oz Recognized Gold Bar<\/td>\n                    <td>$6,316.55\/bar<\/td>\n                <\/tr>\n                <tr>\n                    <td>5 oz Recognized Gold Bar<\/td>\n                    <td>$30,934.89\/bar<\/td>\n                <\/tr>\n                <tr>\n                    <td>10 oz Recognized Gold Bar<\/td>\n                    <td>$61,545.85\/bar<\/td>\n                <\/tr>\n                <tr>\n                    <td>Unrecognized Gold Bars<\/td>\n                    <td>$5,927.84\/oz<\/td>\n                <\/tr>\n            <\/tbody>\n        <\/table>[\/et_pb_code][et_pb_code admin_label=&#8221;API Timestamp Shortcode&#8221; _builder_version=&#8221;4.27.4&#8243; _module_preset=&#8221;default&#8221; custom_margin=&#8221;20px||||false|false&#8221; global_module=&#8221;74683&#8243; global_colors_info=&#8221;{}&#8221;]<p class=\"date_updated\">Prices updated as of: <span>04\/05\/2026 07:01 PM EDT<\/span><\/p>[\/et_pb_code][\/et_pb_column][\/et_pb_row][et_pb_row _builder_version=&#8221;4.27.4&#8243; _module_preset=&#8221;default&#8221; max_width=&#8221;1280px&#8221; custom_padding=&#8221;20px||||false|false&#8221; global_colors_info=&#8221;{}&#8221;][et_pb_column type=&#8221;4_4&#8243; _builder_version=&#8221;4.27.4&#8243; _module_preset=&#8221;default&#8221; global_colors_info=&#8221;{}&#8221;][et_pb_text admin_label=&#8221;What Determines the Value of Your Gold?&#8221; _builder_version=&#8221;4.27.4&#8243; _module_preset=&#8221;default&#8221; link_font=&#8221;|700|||||||&#8221; global_colors_info=&#8221;{}&#8221;]<\/p>\n<h3><b>What Determines the Value of Your Gold?<\/b><\/h3>\n<p><span style=\"font-weight: 400;\">The value of your gold depends on what kind of item you bring in. Bullion from a recognized mint has a well-established value tied to market rates. Other items, like jewellery, need to be tested to determine both their purity and weight. Once we know the karat and the amount of gold in your item, we can calculate a fair and accurate offer.<\/span><\/p>\n<p><span style=\"font-weight: 400;\">All evaluations at Canada Gold &#8211; Halifax are free, and there\u2019s no pressure to sell. You&#8217;re welcome to bring in any gold items for testing. We will provide you with a written offer, and you can either sell on the spot or take your items home with no obligation.<\/span><\/p>\n<p><span style=\"font-weight: 400;\">The market price for gold changes constantly. That\u2019s why our quotes are based on the live gold price at the time of your visit. You can trust that our offers reflect real-time market conditions and give you the best possible value.<\/span><\/p>\n<p><span style=\"font-weight: 400;\">At Canada Gold &#8211; Halifax, we operate on small margins and serve a large number of clients across the country. This business model allows us to pay you more for your gold and offer competitive pricing to buyers. As part of the Canada Gold network, we are proud to be one of the country\u2019s most trusted and fastest-growing precious metal dealers.<\/span><\/p>\n<p>&nbsp;<\/p>\n<p>[\/et_pb_text][\/et_pb_column][\/et_pb_row][et_pb_row _builder_version=&#8221;4.27.4&#8243; _module_preset=&#8221;default&#8221; custom_padding=&#8221;0px||0px||false|false&#8221; global_colors_info=&#8221;{}&#8221;][et_pb_column type=&#8221;4_4&#8243; _builder_version=&#8221;4.27.4&#8243; _module_preset=&#8221;default&#8221; global_colors_info=&#8221;{}&#8221;][dipi_divider content_type=&#8221;image&#8221; content_image=&#8221;https:\/\/halifaxgold.ca\/wp-content\/uploads\/2025\/01\/Canada-Gold-Leaf-2025.png&#8221; content_width=&#8221;100px&#8221; first_decoration_line_color=&#8221;#0E3E63&#8243; _builder_version=&#8221;4.27.4&#8243; _module_preset=&#8221;default&#8221; global_colors_info=&#8221;{}&#8221;][\/dipi_divider][\/et_pb_column][\/et_pb_row][\/et_pb_section][et_pb_section fb_built=&#8221;1&#8243; _builder_version=&#8221;4.27.4&#8243; _module_preset=&#8221;default&#8221; custom_padding=&#8221;30px||40px||false|false&#8221; global_colors_info=&#8221;{}&#8221;][et_pb_row column_structure=&#8221;1_3,1_3,1_3&#8243; _builder_version=&#8221;4.27.4&#8243; _module_preset=&#8221;default&#8221; max_width=&#8221;1280px&#8221; global_colors_info=&#8221;{}&#8221;][et_pb_column type=&#8221;1_3&#8243; _builder_version=&#8221;4.27.4&#8243; _module_preset=&#8221;default&#8221; global_colors_info=&#8221;{}&#8221;][et_pb_image src=&#8221;https:\/\/halifaxgold.ca\/wp-content\/uploads\/2025\/01\/gia-logo-trimmed.png&#8221; alt=&#8221;GIA Logo&#8221; title_text=&#8221;gia-logo-trimmed&#8221; align=&#8221;center&#8221; _builder_version=&#8221;4.27.4&#8243; _module_preset=&#8221;default&#8221; module_alignment=&#8221;center&#8221; height=&#8221;50px&#8221; global_colors_info=&#8221;{}&#8221;][\/et_pb_image][\/et_pb_column][et_pb_column type=&#8221;1_3&#8243; _builder_version=&#8221;4.27.4&#8243; _module_preset=&#8221;default&#8221; global_colors_info=&#8221;{}&#8221;][et_pb_image src=&#8221;https:\/\/halifaxgold.ca\/wp-content\/uploads\/2025\/01\/bbb-accredited-business-a-.png&#8221; alt=&#8221;BBB Accredited&#8221; title_text=&#8221;bbb-accredited-business-a-&#8221; align=&#8221;center&#8221; _builder_version=&#8221;4.27.4&#8243; _module_preset=&#8221;default&#8221; module_alignment=&#8221;center&#8221; height=&#8221;50px&#8221; global_colors_info=&#8221;{}&#8221;][\/et_pb_image][\/et_pb_column][et_pb_column type=&#8221;1_3&#8243; _builder_version=&#8221;4.27.4&#8243; _module_preset=&#8221;default&#8221; global_colors_info=&#8221;{}&#8221;][et_pb_image src=&#8221;https:\/\/halifaxgold.ca\/wp-content\/uploads\/2025\/01\/Royal_Canadian_Mint_Logo_Canada-Gold_Authorized_Distributor-100h.png&#8221; alt=&#8221;Royal_Canadian_Mint_Logo_Canada-Gold_Authorized_Distributor-100h&#8221; align=&#8221;center&#8221; _builder_version=&#8221;4.27.4&#8243; _module_preset=&#8221;default&#8221; height=&#8221;50px&#8221; global_colors_info=&#8221;{}&#8221;][\/et_pb_image][\/et_pb_column][\/et_pb_row][et_pb_row column_structure=&#8221;1_3,1_3,1_3&#8243; _builder_version=&#8221;4.27.4&#8243; _module_preset=&#8221;default&#8221; max_width=&#8221;1280px&#8221; custom_padding=&#8221;0px||||false|false&#8221; global_colors_info=&#8221;{}&#8221;][et_pb_column type=&#8221;1_3&#8243; _builder_version=&#8221;4.27.4&#8243; _module_preset=&#8221;default&#8221; global_colors_info=&#8221;{}&#8221;][et_pb_text _builder_version=&#8221;4.27.4&#8243; _module_preset=&#8221;default&#8221; hover_enabled=&#8221;0&#8243; global_colors_info=&#8221;{}&#8221; sticky_enabled=&#8221;0&#8243;]<\/p>\n<p>Canada Gold buys diamonds that have been appraised by one of our Gemological Institute of America (GIA) certified gemologists, the leading experts in diamond analysis and grading.<\/p>\n<p>[\/et_pb_text][\/et_pb_column][et_pb_column type=&#8221;1_3&#8243; _builder_version=&#8221;4.27.4&#8243; _module_preset=&#8221;default&#8221; global_colors_info=&#8221;{}&#8221;][et_pb_text _builder_version=&#8221;4.27.4&#8243; _module_preset=&#8221;default&#8221; global_colors_info=&#8221;{}&#8221;]<\/p>\n<p>Canada Gold is proudly accredited through the Better Business Bureau. This shows our commitment to providing superior customer service every time you visit.<\/p>\n<p>[\/et_pb_text][\/et_pb_column][et_pb_column type=&#8221;1_3&#8243; _builder_version=&#8221;4.27.4&#8243; _module_preset=&#8221;default&#8221; global_colors_info=&#8221;{}&#8221;][et_pb_text _builder_version=&#8221;4.27.4&#8243; _module_preset=&#8221;default&#8221; global_colors_info=&#8221;{}&#8221;]<\/p>\n<p>Canada Gold is proud to be an authorized DNA dealer for the Royal Canadian Mint. We are able to instantly authenticate any registered mint coins.<\/p>\n<p>[\/et_pb_text][\/et_pb_column][\/et_pb_row][\/et_pb_section]<\/p>\n","protected":false},"excerpt":{"rendered":"<p><span><span><a href=\"https:\/\/halifaxgold.ca\/\">Home<\/a><\/span><\/span>We&#8217;re Halifax&#8217;s Top Gold Buyer Get a free evaluation, a no-pressure quote and top pricing for your gold in Halifax.We buy all types of gold, including jewellery, dental gold, unmarked items, and bullion from both recognized and lesser-known mints. If it&#8217;s made of gold, we will evaluate it and give you a fair quote based [&hellip;]<\/p>\n","protected":false},"author":1,"featured_media":0,"parent":71260,"menu_order":0,"comment_status":"closed","ping_status":"closed","template":"","meta":{"_acf_changed":false,"_et_pb_use_builder":"on","_et_pb_old_content":"","_et_gb_content_width":"","footnotes":""},"class_list":["post-71590","page","type-page","status-publish","hentry"],"acf":[],"yoast_head":"<!-- This site is optimized with the Yoast SEO plugin v27.3 - https:\/\/yoast.com\/product\/yoast-seo-wordpress\/ -->\n<title>Sell Your Gold - Halifax Gold<\/title>\n<meta name=\"description\" content=\"Do you have gold bullion to sell? We offer the guaranteed best price on coins, ingots and bars with a no-obligation evaluation.\" \/>\n<meta name=\"robots\" content=\"index, follow, max-snippet:-1, max-image-preview:large, max-video-preview:-1\" \/>\n<link rel=\"canonical\" href=\"https:\/\/halifaxgold.ca\/fr\/sell-to-us\/lor\/\" \/>\n<meta property=\"og:locale\" content=\"fr_CA\" \/>\n<meta property=\"og:type\" content=\"article\" \/>\n<meta property=\"og:title\" content=\"Sell Your Gold - Halifax Gold\" \/>\n<meta property=\"og:description\" content=\"Do you have gold bullion to sell? We offer the guaranteed best price on coins, ingots and bars with a no-obligation evaluation.\" \/>\n<meta property=\"og:url\" content=\"https:\/\/halifaxgold.ca\/fr\/sell-to-us\/lor\/\" \/>\n<meta property=\"og:site_name\" content=\"Halifax Gold\" \/>\n<meta property=\"article:publisher\" content=\"https:\/\/www.facebook.com\/CanadaGoldBBB\" \/>\n<meta property=\"article:modified_time\" content=\"2026-02-18T14:45:40+00:00\" \/>\n<meta property=\"og:image\" content=\"https:\/\/halifaxgold.ca\/wp-content\/uploads\/2025\/09\/Canada-Gold-Regional-Web-Logo-Navy-With-White-Background_Halifax.png\" \/>\n\t<meta property=\"og:image:width\" content=\"879\" \/>\n\t<meta property=\"og:image:height\" content=\"156\" \/>\n\t<meta property=\"og:image:type\" content=\"image\/png\" \/>\n<meta name=\"twitter:card\" content=\"summary_large_image\" \/>\n<meta name=\"twitter:site\" content=\"@canadagold_ca\" \/>\n<meta name=\"twitter:label1\" content=\"Estimation du temps de lecture\" \/>\n\t<meta name=\"twitter:data1\" content=\"3 minutes\" \/>\n<script type=\"application\/ld+json\" class=\"yoast-schema-graph\">{\"@context\":\"https:\\\/\\\/schema.org\",\"@graph\":[{\"@type\":\"WebPage\",\"@id\":\"https:\\\/\\\/halifaxgold.ca\\\/sell-to-us\\\/gold\\\/\",\"url\":\"https:\\\/\\\/halifaxgold.ca\\\/sell-to-us\\\/gold\\\/\",\"name\":\"Sell Your Gold - Halifax Gold\",\"isPartOf\":{\"@id\":\"https:\\\/\\\/halifaxgold.ca\\\/#website\"},\"datePublished\":\"2025-01-28T18:30:31+00:00\",\"dateModified\":\"2026-02-18T14:45:40+00:00\",\"description\":\"Do you have gold bullion to sell? We offer the guaranteed best price on coins, ingots and bars with a no-obligation evaluation.\",\"breadcrumb\":{\"@id\":\"https:\\\/\\\/halifaxgold.ca\\\/sell-to-us\\\/gold\\\/#breadcrumb\"},\"inLanguage\":\"fr-CA\",\"potentialAction\":[{\"@type\":\"ReadAction\",\"target\":[\"https:\\\/\\\/halifaxgold.ca\\\/sell-to-us\\\/gold\\\/\"]}]},{\"@type\":\"BreadcrumbList\",\"@id\":\"https:\\\/\\\/halifaxgold.ca\\\/sell-to-us\\\/gold\\\/#breadcrumb\",\"itemListElement\":[{\"@type\":\"ListItem\",\"position\":1,\"name\":\"Home\",\"item\":\"https:\\\/\\\/halifaxgold.ca\\\/\"},{\"@type\":\"ListItem\",\"position\":2,\"name\":\"Sell to Us\",\"item\":\"https:\\\/\\\/halifaxgold.ca\\\/sell-to-us\\\/\"},{\"@type\":\"ListItem\",\"position\":3,\"name\":\"Sell Your Gold\"}]},{\"@type\":\"WebSite\",\"@id\":\"https:\\\/\\\/halifaxgold.ca\\\/#website\",\"url\":\"https:\\\/\\\/halifaxgold.ca\\\/\",\"name\":\"Canada Gold - Halifax\",\"description\":\"A Division of Canada Gold\",\"publisher\":{\"@id\":\"https:\\\/\\\/halifaxgold.ca\\\/#organization\"},\"potentialAction\":[{\"@type\":\"SearchAction\",\"target\":{\"@type\":\"EntryPoint\",\"urlTemplate\":\"https:\\\/\\\/halifaxgold.ca\\\/?s={search_term_string}\"},\"query-input\":{\"@type\":\"PropertyValueSpecification\",\"valueRequired\":true,\"valueName\":\"search_term_string\"}}],\"inLanguage\":\"fr-CA\"},{\"@type\":\"Organization\",\"@id\":\"https:\\\/\\\/halifaxgold.ca\\\/#organization\",\"name\":\"Canada Gold - Halifax\",\"alternateName\":\"Halifax Gold\",\"url\":\"https:\\\/\\\/halifaxgold.ca\\\/\",\"logo\":{\"@type\":\"ImageObject\",\"inLanguage\":\"fr-CA\",\"@id\":\"https:\\\/\\\/halifaxgold.ca\\\/#\\\/schema\\\/logo\\\/image\\\/\",\"url\":\"https:\\\/\\\/halifaxgold.ca\\\/wp-content\\\/uploads\\\/2025\\\/01\\\/cropped-favicon.png\",\"contentUrl\":\"https:\\\/\\\/halifaxgold.ca\\\/wp-content\\\/uploads\\\/2025\\\/01\\\/cropped-favicon.png\",\"width\":512,\"height\":512,\"caption\":\"Canada Gold - Halifax\"},\"image\":{\"@id\":\"https:\\\/\\\/halifaxgold.ca\\\/#\\\/schema\\\/logo\\\/image\\\/\"},\"sameAs\":[\"https:\\\/\\\/www.facebook.com\\\/CanadaGoldBBB\",\"https:\\\/\\\/x.com\\\/canadagold_ca\",\"https:\\\/\\\/www.instagram.com\\\/canadagold.ca\\\/\"]}]}<\/script>\n<!-- \/ Yoast SEO plugin. -->","yoast_head_json":{"title":"Vendre votre or - Halifax Gold","description":"Vous avez des lingots d'or \u00e0 vendre ? Nous offrons le meilleur prix garanti pour les pi\u00e8ces, les lingots et les barres avec une \u00e9valuation sans obligation.","robots":{"index":"index","follow":"follow","max-snippet":"max-snippet:-1","max-image-preview":"max-image-preview:large","max-video-preview":"max-video-preview:-1"},"canonical":"https:\/\/halifaxgold.ca\/fr\/sell-to-us\/lor\/","og_locale":"fr_CA","og_type":"article","og_title":"Sell Your Gold - Halifax Gold","og_description":"Do you have gold bullion to sell? We offer the guaranteed best price on coins, ingots and bars with a no-obligation evaluation.","og_url":"https:\/\/halifaxgold.ca\/fr\/sell-to-us\/lor\/","og_site_name":"Halifax Gold","article_publisher":"https:\/\/www.facebook.com\/CanadaGoldBBB","article_modified_time":"2026-02-18T14:45:40+00:00","og_image":[{"width":879,"height":156,"url":"https:\/\/halifaxgold.ca\/wp-content\/uploads\/2025\/09\/Canada-Gold-Regional-Web-Logo-Navy-With-White-Background_Halifax.png","type":"image\/png"}],"twitter_card":"summary_large_image","twitter_site":"@canadagold_ca","twitter_misc":{"Estimation du temps de lecture":"3 minutes"},"schema":{"@context":"https:\/\/schema.org","@graph":[{"@type":"WebPage","@id":"https:\/\/halifaxgold.ca\/sell-to-us\/gold\/","url":"https:\/\/halifaxgold.ca\/sell-to-us\/gold\/","name":"Vendre votre or - Halifax Gold","isPartOf":{"@id":"https:\/\/halifaxgold.ca\/#website"},"datePublished":"2025-01-28T18:30:31+00:00","dateModified":"2026-02-18T14:45:40+00:00","description":"Vous avez des lingots d'or \u00e0 vendre ? Nous offrons le meilleur prix garanti pour les pi\u00e8ces, les lingots et les barres avec une \u00e9valuation sans obligation.","breadcrumb":{"@id":"https:\/\/halifaxgold.ca\/sell-to-us\/gold\/#breadcrumb"},"inLanguage":"fr-CA","potentialAction":[{"@type":"ReadAction","target":["https:\/\/halifaxgold.ca\/sell-to-us\/gold\/"]}]},{"@type":"BreadcrumbList","@id":"https:\/\/halifaxgold.ca\/sell-to-us\/gold\/#breadcrumb","itemListElement":[{"@type":"ListItem","position":1,"name":"Home","item":"https:\/\/halifaxgold.ca\/"},{"@type":"ListItem","position":2,"name":"Sell to Us","item":"https:\/\/halifaxgold.ca\/sell-to-us\/"},{"@type":"ListItem","position":3,"name":"Sell Your Gold"}]},{"@type":"WebSite","@id":"https:\/\/halifaxgold.ca\/#website","url":"https:\/\/halifaxgold.ca\/","name":"Canada Gold - Halifax","description":"Une division de Canada Gold","publisher":{"@id":"https:\/\/halifaxgold.ca\/#organization"},"potentialAction":[{"@type":"SearchAction","target":{"@type":"EntryPoint","urlTemplate":"https:\/\/halifaxgold.ca\/?s={search_term_string}"},"query-input":{"@type":"PropertyValueSpecification","valueRequired":true,"valueName":"search_term_string"}}],"inLanguage":"fr-CA"},{"@type":"Organization","@id":"https:\/\/halifaxgold.ca\/#organization","name":"Canada Gold - Halifax","alternateName":"Halifax Gold","url":"https:\/\/halifaxgold.ca\/","logo":{"@type":"ImageObject","inLanguage":"fr-CA","@id":"https:\/\/halifaxgold.ca\/#\/schema\/logo\/image\/","url":"https:\/\/halifaxgold.ca\/wp-content\/uploads\/2025\/01\/cropped-favicon.png","contentUrl":"https:\/\/halifaxgold.ca\/wp-content\/uploads\/2025\/01\/cropped-favicon.png","width":512,"height":512,"caption":"Canada Gold - Halifax"},"image":{"@id":"https:\/\/halifaxgold.ca\/#\/schema\/logo\/image\/"},"sameAs":["https:\/\/www.facebook.com\/CanadaGoldBBB","https:\/\/x.com\/canadagold_ca","https:\/\/www.instagram.com\/canadagold.ca\/"]}]}},"_links":{"self":[{"href":"https:\/\/halifaxgold.ca\/fr\/wp-json\/wp\/v2\/pages\/71590","targetHints":{"allow":["GET"]}}],"collection":[{"href":"https:\/\/halifaxgold.ca\/fr\/wp-json\/wp\/v2\/pages"}],"about":[{"href":"https:\/\/halifaxgold.ca\/fr\/wp-json\/wp\/v2\/types\/page"}],"author":[{"embeddable":true,"href":"https:\/\/halifaxgold.ca\/fr\/wp-json\/wp\/v2\/users\/1"}],"replies":[{"embeddable":true,"href":"https:\/\/halifaxgold.ca\/fr\/wp-json\/wp\/v2\/comments?post=71590"}],"version-history":[{"count":0,"href":"https:\/\/halifaxgold.ca\/fr\/wp-json\/wp\/v2\/pages\/71590\/revisions"}],"up":[{"embeddable":true,"href":"https:\/\/halifaxgold.ca\/fr\/wp-json\/wp\/v2\/pages\/71260"}],"wp:attachment":[{"href":"https:\/\/halifaxgold.ca\/fr\/wp-json\/wp\/v2\/media?parent=71590"}],"curies":[{"name":"wp","href":"https:\/\/api.w.org\/{rel}","templated":true}]}}