{"id":185,"date":"2025-01-23T14:33:16","date_gmt":"2025-01-23T14:33:16","guid":{"rendered":"https:\/\/vancouver25dev.wpenginepowered.com\/?page_id=185"},"modified":"2026-01-02T12:41:05","modified_gmt":"2026-01-02T16:41:05","slug":"buy-from-us","status":"publish","type":"page","link":"https:\/\/halifaxgold.ca\/fr\/buy-from-us\/","title":{"rendered":"Acheter chez nous"},"content":{"rendered":"<p>[et_pb_section fb_built=&#8221;1&#8243; custom_padding_last_edited=&#8221;on|desktop&#8221; admin_label=&#8221;Section&#8221; _builder_version=&#8221;4.27.4&#8243; _module_preset=&#8221;default&#8221; background_color=&#8221;#032340&#8243; height_tablet=&#8221;&#8221; height_phone=&#8221;&#8221; height_last_edited=&#8221;on|desktop&#8221; custom_padding=&#8221;9px||4px||false|false&#8221; custom_padding_tablet=&#8221;9px||4px||false|false&#8221; custom_padding_phone=&#8221;9px||4px||false|false&#8221; border_color_bottom=&#8221;#D2AE74&#8243; global_module=&#8221;73382&#8243; saved_tabs=&#8221;all&#8221; locked=&#8221;off&#8221; collapsed=&#8221;off&#8221; global_colors_info=&#8221;{}&#8221;][et_pb_row make_equal=&#8221;on&#8221; _builder_version=&#8221;4.27.4&#8243; _module_preset=&#8221;default&#8221; custom_padding=&#8221;0px||0px||false|false&#8221; custom_css_main_element=&#8221;display:flex;&#8221; global_colors_info=&#8221;{}&#8221;][et_pb_column type=&#8221;4_4&#8243; _builder_version=&#8221;4.27.4&#8243; _module_preset=&#8221;default&#8221; custom_css_main_element=&#8221;display:flex;||flex-direction:column;||justify-content: center;&#8221; global_colors_info=&#8221;{}&#8221;][et_pb_text admin_label=&#8221;page title&#8221; _builder_version=&#8221;4.27.4&#8243; _dynamic_attributes=&#8221;content&#8221; _module_preset=&#8221;default&#8221; header_font=&#8221;|&#8211;et_global_heading_font_weight||on|||||&#8221; header_text_align=&#8221;center&#8221; header_text_color=&#8221;#FFFFFF&#8221; header_font_size=&#8221;38px&#8221; custom_css_free_form=&#8221;.selector h1 {||  font-weight:400!important;||}&#8221; global_colors_info=&#8221;{}&#8221;]@ET-DC@eyJkeW5hbWljIjp0cnVlLCJjb250ZW50IjoicG9zdF90aXRsZSIsInNldHRpbmdzIjp7ImJlZm9yZSI6IjxoMT4iLCJhZnRlciI6IjwvaDE+In19@[\/et_pb_text][\/et_pb_column][\/et_pb_row][\/et_pb_section][et_pb_section fb_built=&#8221;1&#8243; _builder_version=&#8221;4.27.4&#8243; _module_preset=&#8221;default&#8221; custom_margin=&#8221;||20px||false|false&#8221; custom_padding=&#8221;0px||0px||false|false&#8221; global_module=&#8221;151&#8243; saved_tabs=&#8221;all&#8221; locked=&#8221;off&#8221; global_colors_info=&#8221;{}&#8221;][et_pb_row _builder_version=&#8221;4.27.4&#8243; _module_preset=&#8221;default&#8221; max_width=&#8221;1280px&#8221; custom_padding=&#8221;20px||20px||true|false&#8221; global_colors_info=&#8221;{}&#8221;][et_pb_column type=&#8221;4_4&#8243; _builder_version=&#8221;4.27.4&#8243; _module_preset=&#8221;default&#8221; global_colors_info=&#8221;{}&#8221;][et_pb_text admin_label=&#8221;breadcrumbs&#8221; _builder_version=&#8221;4.27.4&#8243; _module_preset=&#8221;default&#8221; text_font=&#8221;|&#8211;et_global_body_font_weight||on|||||&#8221; text_text_color=&#8221;#0E3E63&#8243; text_font_size=&#8221;14px&#8221; link_font=&#8221;|||on|||||&#8221; link_text_color=&#8221;#000000&#8243; global_colors_info=&#8221;{}&#8221;]<\/p>\n<div data-plaintext=\"true\" data-pm-slice=\"1 1 [&quot;codeblock&quot;,{&quot;style&quot;:null,&quot;codeblock&quot;:true,&quot;textAlign&quot;:null,&quot;syntaxLanguage&quot;:null,&quot;lineWrapping&quot;:false}]\" data-en-clipboard=\"true\"><span><span><a href=\"https:\/\/halifaxgold.ca\/\">Home<\/a><\/span><\/span><\/div>\n<p>[\/et_pb_text][\/et_pb_column][\/et_pb_row][\/et_pb_section][et_pb_section fb_built=&#8221;1&#8243; _builder_version=&#8221;4.27.4&#8243; _module_preset=&#8221;default&#8221; custom_padding=&#8221;0px||||false|false&#8221; global_colors_info=&#8221;{}&#8221;][et_pb_row _builder_version=&#8221;4.27.4&#8243; _module_preset=&#8221;default&#8221; max_width=&#8221;1280px&#8221; custom_padding=&#8221;0px||20px||false|false&#8221; global_colors_info=&#8221;{}&#8221;][et_pb_column type=&#8221;4_4&#8243; _builder_version=&#8221;4.27.4&#8243; _module_preset=&#8221;default&#8221; global_colors_info=&#8221;{}&#8221;][et_pb_text _builder_version=&#8221;4.27.4&#8243; _module_preset=&#8221;default&#8221; text_text_color=&#8221;#000000&#8243; header_3_line_height=&#8221;1.2em&#8221; hover_enabled=&#8221;0&#8243; global_colors_info=&#8221;{}&#8221; admin_label=&#8221;h2&#8243; sticky_enabled=&#8221;0&#8243;]<\/p>\n<h2>Halifax\u2019s Trusted Gold and Silver Bullion Dealer<\/h2>\n<p>[\/et_pb_text][\/et_pb_column][\/et_pb_row][et_pb_row _builder_version=&#8221;4.27.4&#8243; _module_preset=&#8221;default&#8221; max_width=&#8221;1280px&#8221; custom_padding=&#8221;0px||0px||false|false&#8221; global_colors_info=&#8221;{}&#8221;][et_pb_column type=&#8221;4_4&#8243; _builder_version=&#8221;4.27.4&#8243; _module_preset=&#8221;default&#8221; global_colors_info=&#8221;{}&#8221;][et_pb_image src=&#8221;https:\/\/halifaxgold.ca\/wp-content\/uploads\/2025\/03\/Temp-408_3000px-scaled.jpg&#8221; alt=&#8221;Canadian Bullion&#8221; title_text=&#8221;Temp-408_3000px&#8221; _builder_version=&#8221;4.27.4&#8243; _module_preset=&#8221;default&#8221; width=&#8221;50%&#8221; width_tablet=&#8221;100%&#8221; width_phone=&#8221;100%&#8221; width_last_edited=&#8221;on|phone&#8221; hover_enabled=&#8221;0&#8243; custom_css_main_element=&#8221;float:right;||padding-left: 30px;&#8221; global_colors_info=&#8221;{}&#8221; custom_css_main_element_last_edited=&#8221;on|tablet&#8221; custom_css_main_element_phone=&#8221; &#8221; custom_css_main_element_tablet=&#8221; &#8221; sticky_enabled=&#8221;0&#8243;][\/et_pb_image][et_pb_text _builder_version=&#8221;4.27.4&#8243; _module_preset=&#8221;default&#8221; text_text_color=&#8221;#000000&#8243; header_3_line_height=&#8221;1.2em&#8221; hover_enabled=&#8221;0&#8243; global_colors_info=&#8221;{}&#8221; admin_label=&#8221;Looking to buy physical gold or silver in Halifax?&#8221; sticky_enabled=&#8221;0&#8243;]<\/p>\n<p dir=\"ltr\">Looking to buy physical gold or silver in Halifax? At Canada Gold &#8211; Halifax, we make the process safe, straightforward and welcoming for everyone from first-time buyers to seasoned investors. <strong><a href=\"https:\/\/halifaxgold.ca\/buy-from-us\/bullion\/\">See our current &#8220;buy from us&#8221; pricing on gold, silver and platinum<\/a><\/strong>.<\/p>\n<p dir=\"ltr\">As part of the Canada Gold network, we\u2019re proud to be a BBB-accredited dealer and an authorized retailer of Royal Canadian Mint bullion. Our prices are always based on live market rates, which means you get fair and transparent pricing that reflects the current value of gold and silver.<\/p>\n<p dir=\"ltr\">We understand that buying precious metals is a serious decision. That\u2019s why our Halifax store is designed with your comfort and privacy in mind. Whether you\u2019re purchasing coins, bars or specialty bullion products, you\u2019ll be supported by a knowledgeable team that\u2019s here to answer your questions and help you feel confident.<\/p>\n<p dir=\"ltr\">From collectors searching for a particular Mint release to portfolio builders focused on long-term value, we\u2019re here to help you find what\u2019s right for your needs. And if you&#8217;re selling gold or silver, we offer honest evaluations and competitive rates.<\/p>\n<p dir=\"ltr\">Whether you live in Halifax, other areas of Nova Scotia, other Canadian provinces or are visiting from out of the country, we invite you to experience the difference our pricing, professionalism and personal service can make. We aim to build relationships, not just transactions, and we\u2019re proud that so many of our customers come back again and again.<\/p>\n<p data-start=\"1910\" data-end=\"2116\">[\/et_pb_text][\/et_pb_column][\/et_pb_row][\/et_pb_section]<\/p>\n","protected":false},"excerpt":{"rendered":"<p><span><span><a href=\"https:\/\/halifaxgold.ca\/\">Home<\/a><\/span><\/span>Halifax\u2019s Trusted Gold and Silver Bullion DealerLooking to buy physical gold or silver in Halifax? At Canada Gold &#8211; Halifax, we make the process safe, straightforward and welcoming for everyone from first-time buyers to seasoned investors. See our current &#8220;buy from us&#8221; pricing on gold, silver and platinum. As part of the Canada Gold network, [&hellip;]<\/p>\n","protected":false},"author":1,"featured_media":0,"parent":0,"menu_order":0,"comment_status":"closed","ping_status":"closed","template":"","meta":{"_acf_changed":false,"_et_pb_use_builder":"on","_et_pb_old_content":"","_et_gb_content_width":"","footnotes":""},"class_list":["post-185","page","type-page","status-publish","hentry"],"acf":[],"yoast_head":"<!-- This site is optimized with the Yoast SEO plugin v27.4 - https:\/\/yoast.com\/product\/yoast-seo-wordpress\/ -->\n<title>Purchase Physical Bullion - Halifax Gold<\/title>\n<meta name=\"description\" content=\"Canada Gold is your local gold &amp; silver bullion dealer, with an ample selection of bars, ingots and coins from the RCM and around the world.\" \/>\n<meta name=\"robots\" content=\"index, follow, max-snippet:-1, max-image-preview:large, max-video-preview:-1\" \/>\n<link rel=\"canonical\" href=\"https:\/\/halifaxgold.ca\/fr\/buy-from-us\/\" \/>\n<meta property=\"og:locale\" content=\"fr_CA\" \/>\n<meta property=\"og:type\" content=\"article\" \/>\n<meta property=\"og:title\" content=\"Purchase Physical Bullion - Halifax Gold\" \/>\n<meta property=\"og:description\" content=\"Canada Gold is your local gold &amp; silver bullion dealer, with an ample selection of bars, ingots and coins from the RCM and around the world.\" \/>\n<meta property=\"og:url\" content=\"https:\/\/halifaxgold.ca\/fr\/buy-from-us\/\" \/>\n<meta property=\"og:site_name\" content=\"Halifax Gold\" \/>\n<meta property=\"article:publisher\" content=\"https:\/\/www.facebook.com\/CanadaGoldBBB\" \/>\n<meta property=\"article:modified_time\" content=\"2026-01-02T16:41:05+00:00\" \/>\n<meta property=\"og:image\" content=\"https:\/\/halifaxgold.ca\/wp-content\/uploads\/2025\/09\/Canada-Gold-Regional-Web-Logo-Navy-With-White-Background_Halifax.png\" \/>\n\t<meta property=\"og:image:width\" content=\"879\" \/>\n\t<meta property=\"og:image:height\" content=\"156\" \/>\n\t<meta property=\"og:image:type\" content=\"image\/png\" \/>\n<meta name=\"twitter:card\" content=\"summary_large_image\" \/>\n<meta name=\"twitter:site\" content=\"@canadagold_ca\" \/>\n<meta name=\"twitter:label1\" content=\"Estimation du temps de lecture\" \/>\n\t<meta name=\"twitter:data1\" content=\"2 minutes\" \/>\n<script type=\"application\/ld+json\" class=\"yoast-schema-graph\">{\"@context\":\"https:\\\/\\\/schema.org\",\"@graph\":[{\"@type\":\"WebPage\",\"@id\":\"https:\\\/\\\/halifaxgold.ca\\\/buy-from-us\\\/\",\"url\":\"https:\\\/\\\/halifaxgold.ca\\\/buy-from-us\\\/\",\"name\":\"Purchase Physical Bullion - Halifax Gold\",\"isPartOf\":{\"@id\":\"https:\\\/\\\/halifaxgold.ca\\\/#website\"},\"datePublished\":\"2025-01-23T14:33:16+00:00\",\"dateModified\":\"2026-01-02T16:41:05+00:00\",\"description\":\"Canada Gold is your local gold & silver bullion dealer, with an ample selection of bars, ingots and coins from the RCM and around the world.\",\"breadcrumb\":{\"@id\":\"https:\\\/\\\/halifaxgold.ca\\\/buy-from-us\\\/#breadcrumb\"},\"inLanguage\":\"fr-CA\",\"potentialAction\":[{\"@type\":\"ReadAction\",\"target\":[\"https:\\\/\\\/halifaxgold.ca\\\/buy-from-us\\\/\"]}]},{\"@type\":\"BreadcrumbList\",\"@id\":\"https:\\\/\\\/halifaxgold.ca\\\/buy-from-us\\\/#breadcrumb\",\"itemListElement\":[{\"@type\":\"ListItem\",\"position\":1,\"name\":\"Home\",\"item\":\"https:\\\/\\\/halifaxgold.ca\\\/\"},{\"@type\":\"ListItem\",\"position\":2,\"name\":\"Buy From Us\"}]},{\"@type\":\"WebSite\",\"@id\":\"https:\\\/\\\/halifaxgold.ca\\\/#website\",\"url\":\"https:\\\/\\\/halifaxgold.ca\\\/\",\"name\":\"Canada Gold - Halifax\",\"description\":\"A Division of Canada Gold\",\"publisher\":{\"@id\":\"https:\\\/\\\/halifaxgold.ca\\\/#organization\"},\"potentialAction\":[{\"@type\":\"SearchAction\",\"target\":{\"@type\":\"EntryPoint\",\"urlTemplate\":\"https:\\\/\\\/halifaxgold.ca\\\/?s={search_term_string}\"},\"query-input\":{\"@type\":\"PropertyValueSpecification\",\"valueRequired\":true,\"valueName\":\"search_term_string\"}}],\"inLanguage\":\"fr-CA\"},{\"@type\":\"Organization\",\"@id\":\"https:\\\/\\\/halifaxgold.ca\\\/#organization\",\"name\":\"Canada Gold - Halifax\",\"alternateName\":\"Halifax Gold\",\"url\":\"https:\\\/\\\/halifaxgold.ca\\\/\",\"logo\":{\"@type\":\"ImageObject\",\"inLanguage\":\"fr-CA\",\"@id\":\"https:\\\/\\\/halifaxgold.ca\\\/#\\\/schema\\\/logo\\\/image\\\/\",\"url\":\"https:\\\/\\\/halifaxgold.ca\\\/wp-content\\\/uploads\\\/2025\\\/01\\\/cropped-favicon.png\",\"contentUrl\":\"https:\\\/\\\/halifaxgold.ca\\\/wp-content\\\/uploads\\\/2025\\\/01\\\/cropped-favicon.png\",\"width\":512,\"height\":512,\"caption\":\"Canada Gold - Halifax\"},\"image\":{\"@id\":\"https:\\\/\\\/halifaxgold.ca\\\/#\\\/schema\\\/logo\\\/image\\\/\"},\"sameAs\":[\"https:\\\/\\\/www.facebook.com\\\/CanadaGoldBBB\",\"https:\\\/\\\/x.com\\\/canadagold_ca\",\"https:\\\/\\\/www.instagram.com\\\/canadagold.ca\\\/\"]}]}<\/script>\n<!-- \/ Yoast SEO plugin. -->","yoast_head_json":{"title":"Achat de lingots physiques - Halifax Gold","description":"Canada Gold est votre n\u00e9gociant local de lingots d'or et d'argent, avec une vaste s\u00e9lection de barres, de lingots et de pi\u00e8ces de monnaie de la MRC et du monde entier.","robots":{"index":"index","follow":"follow","max-snippet":"max-snippet:-1","max-image-preview":"max-image-preview:large","max-video-preview":"max-video-preview:-1"},"canonical":"https:\/\/halifaxgold.ca\/fr\/buy-from-us\/","og_locale":"fr_CA","og_type":"article","og_title":"Purchase Physical Bullion - Halifax Gold","og_description":"Canada Gold is your local gold & silver bullion dealer, with an ample selection of bars, ingots and coins from the RCM and around the world.","og_url":"https:\/\/halifaxgold.ca\/fr\/buy-from-us\/","og_site_name":"Halifax Gold","article_publisher":"https:\/\/www.facebook.com\/CanadaGoldBBB","article_modified_time":"2026-01-02T16:41:05+00:00","og_image":[{"width":879,"height":156,"url":"https:\/\/halifaxgold.ca\/wp-content\/uploads\/2025\/09\/Canada-Gold-Regional-Web-Logo-Navy-With-White-Background_Halifax.png","type":"image\/png"}],"twitter_card":"summary_large_image","twitter_site":"@canadagold_ca","twitter_misc":{"Estimation du temps de lecture":"2 minutes"},"schema":{"@context":"https:\/\/schema.org","@graph":[{"@type":"WebPage","@id":"https:\/\/halifaxgold.ca\/buy-from-us\/","url":"https:\/\/halifaxgold.ca\/buy-from-us\/","name":"Achat de lingots physiques - Halifax Gold","isPartOf":{"@id":"https:\/\/halifaxgold.ca\/#website"},"datePublished":"2025-01-23T14:33:16+00:00","dateModified":"2026-01-02T16:41:05+00:00","description":"Canada Gold est votre n\u00e9gociant local de lingots d'or et d'argent, avec une vaste s\u00e9lection de barres, de lingots et de pi\u00e8ces de monnaie de la MRC et du monde entier.","breadcrumb":{"@id":"https:\/\/halifaxgold.ca\/buy-from-us\/#breadcrumb"},"inLanguage":"fr-CA","potentialAction":[{"@type":"ReadAction","target":["https:\/\/halifaxgold.ca\/buy-from-us\/"]}]},{"@type":"BreadcrumbList","@id":"https:\/\/halifaxgold.ca\/buy-from-us\/#breadcrumb","itemListElement":[{"@type":"ListItem","position":1,"name":"Home","item":"https:\/\/halifaxgold.ca\/"},{"@type":"ListItem","position":2,"name":"Buy From Us"}]},{"@type":"WebSite","@id":"https:\/\/halifaxgold.ca\/#website","url":"https:\/\/halifaxgold.ca\/","name":"Canada Gold - Halifax","description":"Une division de Canada Gold","publisher":{"@id":"https:\/\/halifaxgold.ca\/#organization"},"potentialAction":[{"@type":"SearchAction","target":{"@type":"EntryPoint","urlTemplate":"https:\/\/halifaxgold.ca\/?s={search_term_string}"},"query-input":{"@type":"PropertyValueSpecification","valueRequired":true,"valueName":"search_term_string"}}],"inLanguage":"fr-CA"},{"@type":"Organization","@id":"https:\/\/halifaxgold.ca\/#organization","name":"Canada Gold - Halifax","alternateName":"Halifax Gold","url":"https:\/\/halifaxgold.ca\/","logo":{"@type":"ImageObject","inLanguage":"fr-CA","@id":"https:\/\/halifaxgold.ca\/#\/schema\/logo\/image\/","url":"https:\/\/halifaxgold.ca\/wp-content\/uploads\/2025\/01\/cropped-favicon.png","contentUrl":"https:\/\/halifaxgold.ca\/wp-content\/uploads\/2025\/01\/cropped-favicon.png","width":512,"height":512,"caption":"Canada Gold - Halifax"},"image":{"@id":"https:\/\/halifaxgold.ca\/#\/schema\/logo\/image\/"},"sameAs":["https:\/\/www.facebook.com\/CanadaGoldBBB","https:\/\/x.com\/canadagold_ca","https:\/\/www.instagram.com\/canadagold.ca\/"]}]}},"_links":{"self":[{"href":"https:\/\/halifaxgold.ca\/fr\/wp-json\/wp\/v2\/pages\/185","targetHints":{"allow":["GET"]}}],"collection":[{"href":"https:\/\/halifaxgold.ca\/fr\/wp-json\/wp\/v2\/pages"}],"about":[{"href":"https:\/\/halifaxgold.ca\/fr\/wp-json\/wp\/v2\/types\/page"}],"author":[{"embeddable":true,"href":"https:\/\/halifaxgold.ca\/fr\/wp-json\/wp\/v2\/users\/1"}],"replies":[{"embeddable":true,"href":"https:\/\/halifaxgold.ca\/fr\/wp-json\/wp\/v2\/comments?post=185"}],"version-history":[{"count":0,"href":"https:\/\/halifaxgold.ca\/fr\/wp-json\/wp\/v2\/pages\/185\/revisions"}],"wp:attachment":[{"href":"https:\/\/halifaxgold.ca\/fr\/wp-json\/wp\/v2\/media?parent=185"}],"curies":[{"name":"wp","href":"https:\/\/api.w.org\/{rel}","templated":true}]}}